{"id":969,"date":"2025-11-28T10:42:19","date_gmt":"2025-11-28T09:42:19","guid":{"rendered":"https:\/\/captaincangrejo.com\/tienda\/"},"modified":"2026-01-15T13:25:21","modified_gmt":"2026-01-15T12:25:21","slug":"tienda","status":"publish","type":"page","link":"https:\/\/captaincangrejo.com\/en\/tienda\/","title":{"rendered":"Tienda"},"content":{"rendered":"","protected":false},"excerpt":{"rendered":"","protected":false},"author":1,"featured_media":0,"parent":0,"menu_order":0,"comment_status":"closed","ping_status":"closed","template":"","meta":{"footnotes":""},"class_list":["post-969","page","type-page","status-publish","hentry"],"yoast_head":"<!-- This site is optimized with the Yoast SEO plugin v27.5 - https:\/\/yoast.com\/product\/yoast-seo-wordpress\/ -->\n<title>Tienda | Captain Cangrejo<\/title>\n<meta name=\"description\" content=\"A\u00f1ade extras a tu paseo en barco en C\u00e1diz: packs de bebidas, combinados y complementos para disfrutar a\u00fan m\u00e1s de la experiencia.\" \/>\n<meta name=\"robots\" content=\"index, follow, max-snippet:-1, max-image-preview:large, max-video-preview:-1\" \/>\n<link rel=\"canonical\" href=\"https:\/\/captaincangrejo.com\/en\/tienda\/\" \/>\n<meta property=\"og:locale\" content=\"en_GB\" \/>\n<meta property=\"og:type\" content=\"article\" \/>\n<meta property=\"og:title\" content=\"Tienda | Captain Cangrejo\" \/>\n<meta property=\"og:description\" content=\"A\u00f1ade extras a tu paseo en barco en C\u00e1diz: packs de bebidas, combinados y complementos para disfrutar a\u00fan m\u00e1s de la experiencia.\" \/>\n<meta property=\"og:url\" content=\"https:\/\/captaincangrejo.com\/en\/tienda\/\" \/>\n<meta property=\"og:site_name\" content=\"Captain Cangrejo C\u00e1diz\" \/>\n<meta property=\"article:publisher\" content=\"https:\/\/www.facebook.com\/captaincangrejo\" \/>\n<meta property=\"article:modified_time\" content=\"2026-01-15T12:25:21+00:00\" \/>\n<meta property=\"og:image\" content=\"https:\/\/captaincangrejo.com\/wp-content\/uploads\/2025\/11\/fiesta-amigos-en-barco.webp\" \/>\n\t<meta property=\"og:image:width\" content=\"1220\" \/>\n\t<meta property=\"og:image:height\" content=\"901\" \/>\n\t<meta property=\"og:image:type\" content=\"image\/webp\" \/>\n<meta name=\"twitter:card\" content=\"summary_large_image\" \/>\n<script type=\"application\/ld+json\" class=\"yoast-schema-graph\">{\"@context\":\"https:\\\/\\\/schema.org\",\"@graph\":[{\"@type\":\"WebPage\",\"@id\":\"https:\\\/\\\/captaincangrejo.com\\\/tienda\\\/\",\"url\":\"https:\\\/\\\/captaincangrejo.com\\\/tienda\\\/\",\"name\":\"Tienda | Captain Cangrejo\",\"isPartOf\":{\"@id\":\"https:\\\/\\\/captaincangrejo.com\\\/#website\"},\"datePublished\":\"2025-11-28T09:42:19+00:00\",\"dateModified\":\"2026-01-15T12:25:21+00:00\",\"description\":\"A\u00f1ade extras a tu paseo en barco en C\u00e1diz: packs de bebidas, combinados y complementos para disfrutar a\u00fan m\u00e1s de la experiencia.\",\"breadcrumb\":{\"@id\":\"https:\\\/\\\/captaincangrejo.com\\\/tienda\\\/#breadcrumb\"},\"inLanguage\":\"en-GB\",\"potentialAction\":[{\"@type\":\"ReadAction\",\"target\":[\"https:\\\/\\\/captaincangrejo.com\\\/tienda\\\/\"]}]},{\"@type\":\"BreadcrumbList\",\"@id\":\"https:\\\/\\\/captaincangrejo.com\\\/tienda\\\/#breadcrumb\",\"itemListElement\":[{\"@type\":\"ListItem\",\"position\":1,\"name\":\"Portada\",\"item\":\"https:\\\/\\\/captaincangrejo.com\\\/\"},{\"@type\":\"ListItem\",\"position\":2,\"name\":\"Tienda\"}]},{\"@type\":\"WebSite\",\"@id\":\"https:\\\/\\\/captaincangrejo.com\\\/#website\",\"url\":\"https:\\\/\\\/captaincangrejo.com\\\/\",\"name\":\"Captain Cangrejo\",\"description\":\"Paseos en barco por C\u00e1diz con Captain Cangrejo. Paseos en barco privados para grupos y parejas por la Bah\u00eda de C\u00e1diz.\",\"publisher\":{\"@id\":\"https:\\\/\\\/captaincangrejo.com\\\/#organization\"},\"alternateName\":\"Paseos en barco por C\u00e1diz con Captain Cangrejo\",\"potentialAction\":[{\"@type\":\"SearchAction\",\"target\":{\"@type\":\"EntryPoint\",\"urlTemplate\":\"https:\\\/\\\/captaincangrejo.com\\\/?s={search_term_string}\"},\"query-input\":{\"@type\":\"PropertyValueSpecification\",\"valueRequired\":true,\"valueName\":\"search_term_string\"}}],\"inLanguage\":\"en-GB\"},{\"@type\":\"Organization\",\"@id\":\"https:\\\/\\\/captaincangrejo.com\\\/#organization\",\"name\":\"Captain Cangrejo Paseos en barco\",\"alternateName\":\"Paseos en barco por C\u00e1diz con Captain Cangrejo\",\"url\":\"https:\\\/\\\/captaincangrejo.com\\\/\",\"logo\":{\"@type\":\"ImageObject\",\"inLanguage\":\"en-GB\",\"@id\":\"https:\\\/\\\/captaincangrejo.com\\\/#\\\/schema\\\/logo\\\/image\\\/\",\"url\":\"https:\\\/\\\/captaincangrejo.com\\\/wp-content\\\/uploads\\\/2025\\\/09\\\/cropped-favicon-1.png\",\"contentUrl\":\"https:\\\/\\\/captaincangrejo.com\\\/wp-content\\\/uploads\\\/2025\\\/09\\\/cropped-favicon-1.png\",\"width\":512,\"height\":512,\"caption\":\"Captain Cangrejo Paseos en barco\"},\"image\":{\"@id\":\"https:\\\/\\\/captaincangrejo.com\\\/#\\\/schema\\\/logo\\\/image\\\/\"},\"sameAs\":[\"https:\\\/\\\/www.facebook.com\\\/captaincangrejo\",\"https:\\\/\\\/www.instagram.com\\\/captaincangrejo\\\/\",\"https:\\\/\\\/www.tripadvisor.es\\\/Attraction_Review-g187432-d34115903-Reviews-Captain_Cangrejo-Cadiz_Costa_de_la_Luz_Andalucia.html\",\"https:\\\/\\\/hotels.cloudbeds.com\\\/es\\\/reservation\\\/36KKR7?currency=eur\"]}]}<\/script>\n<!-- \/ Yoast SEO plugin. -->","yoast_head_json":{"title":"Tienda | Captain Cangrejo","description":"A\u00f1ade extras a tu paseo en barco en C\u00e1diz: packs de bebidas, combinados y complementos para disfrutar a\u00fan m\u00e1s de la experiencia.","robots":{"index":"index","follow":"follow","max-snippet":"max-snippet:-1","max-image-preview":"max-image-preview:large","max-video-preview":"max-video-preview:-1"},"canonical":"https:\/\/captaincangrejo.com\/en\/tienda\/","og_locale":"en_GB","og_type":"article","og_title":"Tienda | Captain Cangrejo","og_description":"A\u00f1ade extras a tu paseo en barco en C\u00e1diz: packs de bebidas, combinados y complementos para disfrutar a\u00fan m\u00e1s de la experiencia.","og_url":"https:\/\/captaincangrejo.com\/en\/tienda\/","og_site_name":"Captain Cangrejo C\u00e1diz","article_publisher":"https:\/\/www.facebook.com\/captaincangrejo","article_modified_time":"2026-01-15T12:25:21+00:00","og_image":[{"width":1220,"height":901,"url":"https:\/\/captaincangrejo.com\/wp-content\/uploads\/2025\/11\/fiesta-amigos-en-barco.webp","type":"image\/webp"}],"twitter_card":"summary_large_image","schema":{"@context":"https:\/\/schema.org","@graph":[{"@type":"WebPage","@id":"https:\/\/captaincangrejo.com\/tienda\/","url":"https:\/\/captaincangrejo.com\/tienda\/","name":"Tienda | Captain Cangrejo","isPartOf":{"@id":"https:\/\/captaincangrejo.com\/#website"},"datePublished":"2025-11-28T09:42:19+00:00","dateModified":"2026-01-15T12:25:21+00:00","description":"A\u00f1ade extras a tu paseo en barco en C\u00e1diz: packs de bebidas, combinados y complementos para disfrutar a\u00fan m\u00e1s de la experiencia.","breadcrumb":{"@id":"https:\/\/captaincangrejo.com\/tienda\/#breadcrumb"},"inLanguage":"en-GB","potentialAction":[{"@type":"ReadAction","target":["https:\/\/captaincangrejo.com\/tienda\/"]}]},{"@type":"BreadcrumbList","@id":"https:\/\/captaincangrejo.com\/tienda\/#breadcrumb","itemListElement":[{"@type":"ListItem","position":1,"name":"Portada","item":"https:\/\/captaincangrejo.com\/"},{"@type":"ListItem","position":2,"name":"Tienda"}]},{"@type":"WebSite","@id":"https:\/\/captaincangrejo.com\/#website","url":"https:\/\/captaincangrejo.com\/","name":"Captain Cangrejo","description":"Paseos en barco por C\u00e1diz con Captain Cangrejo. Paseos en barco privados para grupos y parejas por la Bah\u00eda de C\u00e1diz.","publisher":{"@id":"https:\/\/captaincangrejo.com\/#organization"},"alternateName":"Paseos en barco por C\u00e1diz con Captain Cangrejo","potentialAction":[{"@type":"SearchAction","target":{"@type":"EntryPoint","urlTemplate":"https:\/\/captaincangrejo.com\/?s={search_term_string}"},"query-input":{"@type":"PropertyValueSpecification","valueRequired":true,"valueName":"search_term_string"}}],"inLanguage":"en-GB"},{"@type":"Organization","@id":"https:\/\/captaincangrejo.com\/#organization","name":"Captain Cangrejo Paseos en barco","alternateName":"Paseos en barco por C\u00e1diz con Captain Cangrejo","url":"https:\/\/captaincangrejo.com\/","logo":{"@type":"ImageObject","inLanguage":"en-GB","@id":"https:\/\/captaincangrejo.com\/#\/schema\/logo\/image\/","url":"https:\/\/captaincangrejo.com\/wp-content\/uploads\/2025\/09\/cropped-favicon-1.png","contentUrl":"https:\/\/captaincangrejo.com\/wp-content\/uploads\/2025\/09\/cropped-favicon-1.png","width":512,"height":512,"caption":"Captain Cangrejo Paseos en barco"},"image":{"@id":"https:\/\/captaincangrejo.com\/#\/schema\/logo\/image\/"},"sameAs":["https:\/\/www.facebook.com\/captaincangrejo","https:\/\/www.instagram.com\/captaincangrejo\/","https:\/\/www.tripadvisor.es\/Attraction_Review-g187432-d34115903-Reviews-Captain_Cangrejo-Cadiz_Costa_de_la_Luz_Andalucia.html","https:\/\/hotels.cloudbeds.com\/es\/reservation\/36KKR7?currency=eur"]}]}},"_links":{"self":[{"href":"https:\/\/captaincangrejo.com\/en\/wp-json\/wp\/v2\/pages\/969","targetHints":{"allow":["GET"]}}],"collection":[{"href":"https:\/\/captaincangrejo.com\/en\/wp-json\/wp\/v2\/pages"}],"about":[{"href":"https:\/\/captaincangrejo.com\/en\/wp-json\/wp\/v2\/types\/page"}],"author":[{"embeddable":true,"href":"https:\/\/captaincangrejo.com\/en\/wp-json\/wp\/v2\/users\/1"}],"replies":[{"embeddable":true,"href":"https:\/\/captaincangrejo.com\/en\/wp-json\/wp\/v2\/comments?post=969"}],"version-history":[{"count":0,"href":"https:\/\/captaincangrejo.com\/en\/wp-json\/wp\/v2\/pages\/969\/revisions"}],"wp:attachment":[{"href":"https:\/\/captaincangrejo.com\/en\/wp-json\/wp\/v2\/media?parent=969"}],"curies":[{"name":"wp","href":"https:\/\/api.w.org\/{rel}","templated":true}]}}