{"id":846,"date":"2025-11-26T13:01:38","date_gmt":"2025-11-26T12:01:38","guid":{"rendered":"https:\/\/captaincangrejo.com\/?page_id=846"},"modified":"2025-12-24T11:17:03","modified_gmt":"2025-12-24T10:17:03","slug":"mapa-web","status":"publish","type":"page","link":"https:\/\/captaincangrejo.com\/en\/mapa-web\/","title":{"rendered":"Site map"},"content":{"rendered":"<div data-elementor-type=\"wp-page\" data-elementor-id=\"846\" class=\"elementor elementor-846\" data-elementor-post-type=\"page\">\n\t\t\t\t<div class=\"elementor-element elementor-element-ef90888 e-flex e-con-boxed e-con e-parent\" data-id=\"ef90888\" data-element_type=\"container\" data-e-type=\"container\" data-settings=\"{&quot;background_background&quot;:&quot;classic&quot;}\">\n\t\t\t\t\t<div class=\"e-con-inner\">\n\t\t\t\t<div class=\"elementor-element elementor-element-dc62b3d elementor-widget elementor-widget-heading\" data-id=\"dc62b3d\" data-element_type=\"widget\" data-e-type=\"widget\" data-widget_type=\"heading.default\">\n\t\t\t\t\t<h1 class=\"elementor-heading-title elementor-size-default\">Site map<\/h1>\t\t\t\t<\/div>\n\t\t<div class=\"elementor-element elementor-element-1d1c905 e-flex e-con-boxed e-con e-child\" data-id=\"1d1c905\" data-element_type=\"container\" data-e-type=\"container\">\n\t\t\t\t\t<div class=\"e-con-inner\">\n\t\t<div class=\"elementor-element elementor-element-a65a78c e-flex e-con-boxed e-con e-child\" data-id=\"a65a78c\" data-element_type=\"container\" data-e-type=\"container\">\n\t\t\t\t\t<div class=\"e-con-inner\">\n\t\t\t\t<div class=\"elementor-element elementor-element-0da7756 elementor-widget elementor-widget-heading\" data-id=\"0da7756\" data-element_type=\"widget\" data-e-type=\"widget\" data-widget_type=\"heading.default\">\n\t\t\t\t\t<h2 class=\"elementor-heading-title elementor-size-default\">Web<\/h2>\t\t\t\t<\/div>\n\t\t\t\t<div class=\"elementor-element elementor-element-dc6e9ae elementor-widget elementor-widget-text-editor\" data-id=\"dc6e9ae\" data-element_type=\"widget\" data-e-type=\"widget\" data-widget_type=\"text-editor.default\">\n\t\t\t\t\t\t\t\t\t<p><a href=\"https:\/\/captaincangrejo.com\/en\/\"><span style=\"text-decoration: underline;\"><strong>START<\/strong><\/span><\/a><\/p><p><a href=\"https:\/\/captaincangrejo.com\/en\/servicios\/\"><span style=\"text-decoration: underline;\"><strong>SERVICES<\/strong><\/span><\/a><\/p><p><a href=\"https:\/\/captaincangrejo.com\/en\/somos\/\"><span style=\"text-decoration: underline;\"><strong>ARE<\/strong><\/span><\/a><\/p><p><a href=\"https:\/\/captaincangrejo.com\/en\/ayuda\/\"><span style=\"text-decoration: underline;\"><strong>FAQs<\/strong><\/span><\/a><\/p><p><a href=\"https:\/\/captaincangrejo.com\/en\/contacto\/\"><span style=\"text-decoration: underline;\"><strong>CONTACT<\/strong><\/span><\/a><\/p>\t\t\t\t\t\t\t\t<\/div>\n\t\t\t\t\t<\/div>\n\t\t\t\t<\/div>\n\t\t<div class=\"elementor-element elementor-element-92dd028 e-flex e-con-boxed e-con e-child\" data-id=\"92dd028\" data-element_type=\"container\" data-e-type=\"container\">\n\t\t\t\t\t<div class=\"e-con-inner\">\n\t\t\t\t<div class=\"elementor-element elementor-element-d314dd3 elementor-widget elementor-widget-heading\" data-id=\"d314dd3\" data-element_type=\"widget\" data-e-type=\"widget\" data-widget_type=\"heading.default\">\n\t\t\t\t\t<h2 class=\"elementor-heading-title elementor-size-default\">Legal<\/h2>\t\t\t\t<\/div>\n\t\t\t\t<div class=\"elementor-element elementor-element-7364986 elementor-widget elementor-widget-text-editor\" data-id=\"7364986\" data-element_type=\"widget\" data-e-type=\"widget\" data-widget_type=\"text-editor.default\">\n\t\t\t\t\t\t\t\t\t<p><a href=\"https:\/\/captaincangrejo.com\/en\/politica-privacidad\/\"><span style=\"text-decoration: underline;\"><b>PRIVACY<\/b><\/span><\/a><\/p><p><a href=\"https:\/\/captaincangrejo.com\/en\/aviso-legal\/\"><span style=\"text-decoration: underline;\"><b>LEGAL NOTICE<\/b><\/span><\/a><\/p><p><a href=\"https:\/\/captaincangrejo.com\/en\/politica-cookies\/\"><span style=\"text-decoration: underline;\"><b>COOKIES<\/b><\/span><\/a><\/p><p><a href=\"https:\/\/captaincangrejo.com\/en\/accesibilidad\/\"><span style=\"text-decoration: underline;\"><b>ACCESSIBILITY<\/b><\/span><\/a><\/p>\t\t\t\t\t\t\t\t<\/div>\n\t\t\t\t\t<\/div>\n\t\t\t\t<\/div>\n\t\t\t\t\t<\/div>\n\t\t\t\t<\/div>\n\t\t\t\t\t<\/div>\n\t\t\t\t<\/div>\n\t\t\t\t<\/div>","protected":false},"excerpt":{"rendered":"<p>Sitemap HOME SERVICES ABOUT US FAQs CONTACT Legal PRIVACY LEGAL NOTICE COOKIES ACCESSIBILITY<\/p>","protected":false},"author":2,"featured_media":0,"parent":0,"menu_order":0,"comment_status":"closed","ping_status":"closed","template":"","meta":{"footnotes":""},"class_list":["post-846","page","type-page","status-publish","hentry"],"yoast_head":"<!-- This site is optimized with the Yoast SEO plugin v27.4 - https:\/\/yoast.com\/product\/yoast-seo-wordpress\/ -->\n<title>Mapa web | Captain Cangrejo C\u00e1diz<\/title>\n<meta name=\"robots\" content=\"noindex, nofollow\" \/>\n<meta property=\"og:locale\" content=\"en_GB\" \/>\n<meta property=\"og:type\" content=\"article\" \/>\n<meta property=\"og:title\" content=\"Mapa web | Captain Cangrejo C\u00e1diz\" \/>\n<meta property=\"og:description\" content=\"Mapa web Web INICIO SERVICIOS SOMOS FAQS CONTACTO Legales PRIVACIDAD AVISO LEGAL COOKIES ACCESIBILIDAD\" \/>\n<meta property=\"og:url\" content=\"https:\/\/captaincangrejo.com\/en\/mapa-web\/\" \/>\n<meta property=\"og:site_name\" content=\"Captain Cangrejo C\u00e1diz\" \/>\n<meta property=\"article:publisher\" content=\"https:\/\/www.facebook.com\/captaincangrejo\" \/>\n<meta property=\"article:modified_time\" content=\"2025-12-24T10:17:03+00:00\" \/>\n<meta property=\"og:image\" content=\"https:\/\/captaincangrejo.com\/wp-content\/uploads\/2025\/11\/fiesta-amigos-en-barco.webp\" \/>\n\t<meta property=\"og:image:width\" content=\"1220\" \/>\n\t<meta property=\"og:image:height\" content=\"901\" \/>\n\t<meta property=\"og:image:type\" content=\"image\/webp\" \/>\n<meta name=\"twitter:card\" content=\"summary_large_image\" \/>\n<script type=\"application\/ld+json\" class=\"yoast-schema-graph\">{\"@context\":\"https:\\\/\\\/schema.org\",\"@graph\":[{\"@type\":\"WebPage\",\"@id\":\"https:\\\/\\\/captaincangrejo.com\\\/mapa-web\\\/\",\"url\":\"https:\\\/\\\/captaincangrejo.com\\\/mapa-web\\\/\",\"name\":\"Mapa web | Captain Cangrejo C\u00e1diz\",\"isPartOf\":{\"@id\":\"https:\\\/\\\/captaincangrejo.com\\\/#website\"},\"datePublished\":\"2025-11-26T12:01:38+00:00\",\"dateModified\":\"2025-12-24T10:17:03+00:00\",\"breadcrumb\":{\"@id\":\"https:\\\/\\\/captaincangrejo.com\\\/mapa-web\\\/#breadcrumb\"},\"inLanguage\":\"en-GB\",\"potentialAction\":[{\"@type\":\"ReadAction\",\"target\":[\"https:\\\/\\\/captaincangrejo.com\\\/mapa-web\\\/\"]}]},{\"@type\":\"BreadcrumbList\",\"@id\":\"https:\\\/\\\/captaincangrejo.com\\\/mapa-web\\\/#breadcrumb\",\"itemListElement\":[{\"@type\":\"ListItem\",\"position\":1,\"name\":\"Portada\",\"item\":\"https:\\\/\\\/captaincangrejo.com\\\/\"},{\"@type\":\"ListItem\",\"position\":2,\"name\":\"Mapa web\"}]},{\"@type\":\"WebSite\",\"@id\":\"https:\\\/\\\/captaincangrejo.com\\\/#website\",\"url\":\"https:\\\/\\\/captaincangrejo.com\\\/\",\"name\":\"Captain Cangrejo\",\"description\":\"Paseos en barco por C\u00e1diz con Captain Cangrejo. Paseos en barco privados para grupos y parejas por la Bah\u00eda de C\u00e1diz.\",\"publisher\":{\"@id\":\"https:\\\/\\\/captaincangrejo.com\\\/#organization\"},\"alternateName\":\"Paseos en barco por C\u00e1diz con Captain Cangrejo\",\"potentialAction\":[{\"@type\":\"SearchAction\",\"target\":{\"@type\":\"EntryPoint\",\"urlTemplate\":\"https:\\\/\\\/captaincangrejo.com\\\/?s={search_term_string}\"},\"query-input\":{\"@type\":\"PropertyValueSpecification\",\"valueRequired\":true,\"valueName\":\"search_term_string\"}}],\"inLanguage\":\"en-GB\"},{\"@type\":\"Organization\",\"@id\":\"https:\\\/\\\/captaincangrejo.com\\\/#organization\",\"name\":\"Captain Cangrejo Paseos en barco\",\"alternateName\":\"Paseos en barco por C\u00e1diz con Captain Cangrejo\",\"url\":\"https:\\\/\\\/captaincangrejo.com\\\/\",\"logo\":{\"@type\":\"ImageObject\",\"inLanguage\":\"en-GB\",\"@id\":\"https:\\\/\\\/captaincangrejo.com\\\/#\\\/schema\\\/logo\\\/image\\\/\",\"url\":\"https:\\\/\\\/captaincangrejo.com\\\/wp-content\\\/uploads\\\/2025\\\/09\\\/cropped-favicon-1.png\",\"contentUrl\":\"https:\\\/\\\/captaincangrejo.com\\\/wp-content\\\/uploads\\\/2025\\\/09\\\/cropped-favicon-1.png\",\"width\":512,\"height\":512,\"caption\":\"Captain Cangrejo Paseos en barco\"},\"image\":{\"@id\":\"https:\\\/\\\/captaincangrejo.com\\\/#\\\/schema\\\/logo\\\/image\\\/\"},\"sameAs\":[\"https:\\\/\\\/www.facebook.com\\\/captaincangrejo\",\"https:\\\/\\\/www.instagram.com\\\/captaincangrejo\\\/\",\"https:\\\/\\\/www.tripadvisor.es\\\/Attraction_Review-g187432-d34115903-Reviews-Captain_Cangrejo-Cadiz_Costa_de_la_Luz_Andalucia.html\",\"https:\\\/\\\/hotels.cloudbeds.com\\\/es\\\/reservation\\\/36KKR7?currency=eur\"]}]}<\/script>\n<!-- \/ Yoast SEO plugin. -->","yoast_head_json":{"title":"Mapa web | Captain Cangrejo C\u00e1diz","robots":{"index":"noindex","follow":"nofollow"},"og_locale":"en_GB","og_type":"article","og_title":"Mapa web | Captain Cangrejo C\u00e1diz","og_description":"Mapa web Web INICIO SERVICIOS SOMOS FAQS CONTACTO Legales PRIVACIDAD AVISO LEGAL COOKIES ACCESIBILIDAD","og_url":"https:\/\/captaincangrejo.com\/en\/mapa-web\/","og_site_name":"Captain Cangrejo C\u00e1diz","article_publisher":"https:\/\/www.facebook.com\/captaincangrejo","article_modified_time":"2025-12-24T10:17:03+00:00","og_image":[{"width":1220,"height":901,"url":"https:\/\/captaincangrejo.com\/wp-content\/uploads\/2025\/11\/fiesta-amigos-en-barco.webp","type":"image\/webp"}],"twitter_card":"summary_large_image","schema":{"@context":"https:\/\/schema.org","@graph":[{"@type":"WebPage","@id":"https:\/\/captaincangrejo.com\/mapa-web\/","url":"https:\/\/captaincangrejo.com\/mapa-web\/","name":"Mapa web | Captain Cangrejo C\u00e1diz","isPartOf":{"@id":"https:\/\/captaincangrejo.com\/#website"},"datePublished":"2025-11-26T12:01:38+00:00","dateModified":"2025-12-24T10:17:03+00:00","breadcrumb":{"@id":"https:\/\/captaincangrejo.com\/mapa-web\/#breadcrumb"},"inLanguage":"en-GB","potentialAction":[{"@type":"ReadAction","target":["https:\/\/captaincangrejo.com\/mapa-web\/"]}]},{"@type":"BreadcrumbList","@id":"https:\/\/captaincangrejo.com\/mapa-web\/#breadcrumb","itemListElement":[{"@type":"ListItem","position":1,"name":"Portada","item":"https:\/\/captaincangrejo.com\/"},{"@type":"ListItem","position":2,"name":"Mapa web"}]},{"@type":"WebSite","@id":"https:\/\/captaincangrejo.com\/#website","url":"https:\/\/captaincangrejo.com\/","name":"Captain Cangrejo","description":"Paseos en barco por C\u00e1diz con Captain Cangrejo. Paseos en barco privados para grupos y parejas por la Bah\u00eda de C\u00e1diz.","publisher":{"@id":"https:\/\/captaincangrejo.com\/#organization"},"alternateName":"Paseos en barco por C\u00e1diz con Captain Cangrejo","potentialAction":[{"@type":"SearchAction","target":{"@type":"EntryPoint","urlTemplate":"https:\/\/captaincangrejo.com\/?s={search_term_string}"},"query-input":{"@type":"PropertyValueSpecification","valueRequired":true,"valueName":"search_term_string"}}],"inLanguage":"en-GB"},{"@type":"Organization","@id":"https:\/\/captaincangrejo.com\/#organization","name":"Captain Cangrejo Paseos en barco","alternateName":"Paseos en barco por C\u00e1diz con Captain Cangrejo","url":"https:\/\/captaincangrejo.com\/","logo":{"@type":"ImageObject","inLanguage":"en-GB","@id":"https:\/\/captaincangrejo.com\/#\/schema\/logo\/image\/","url":"https:\/\/captaincangrejo.com\/wp-content\/uploads\/2025\/09\/cropped-favicon-1.png","contentUrl":"https:\/\/captaincangrejo.com\/wp-content\/uploads\/2025\/09\/cropped-favicon-1.png","width":512,"height":512,"caption":"Captain Cangrejo Paseos en barco"},"image":{"@id":"https:\/\/captaincangrejo.com\/#\/schema\/logo\/image\/"},"sameAs":["https:\/\/www.facebook.com\/captaincangrejo","https:\/\/www.instagram.com\/captaincangrejo\/","https:\/\/www.tripadvisor.es\/Attraction_Review-g187432-d34115903-Reviews-Captain_Cangrejo-Cadiz_Costa_de_la_Luz_Andalucia.html","https:\/\/hotels.cloudbeds.com\/es\/reservation\/36KKR7?currency=eur"]}]}},"_links":{"self":[{"href":"https:\/\/captaincangrejo.com\/en\/wp-json\/wp\/v2\/pages\/846","targetHints":{"allow":["GET"]}}],"collection":[{"href":"https:\/\/captaincangrejo.com\/en\/wp-json\/wp\/v2\/pages"}],"about":[{"href":"https:\/\/captaincangrejo.com\/en\/wp-json\/wp\/v2\/types\/page"}],"author":[{"embeddable":true,"href":"https:\/\/captaincangrejo.com\/en\/wp-json\/wp\/v2\/users\/2"}],"replies":[{"embeddable":true,"href":"https:\/\/captaincangrejo.com\/en\/wp-json\/wp\/v2\/comments?post=846"}],"version-history":[{"count":4,"href":"https:\/\/captaincangrejo.com\/en\/wp-json\/wp\/v2\/pages\/846\/revisions"}],"predecessor-version":[{"id":1342,"href":"https:\/\/captaincangrejo.com\/en\/wp-json\/wp\/v2\/pages\/846\/revisions\/1342"}],"wp:attachment":[{"href":"https:\/\/captaincangrejo.com\/en\/wp-json\/wp\/v2\/media?parent=846"}],"curies":[{"name":"wp","href":"https:\/\/api.w.org\/{rel}","templated":true}]}}