{"id":844,"date":"2025-11-26T13:01:23","date_gmt":"2025-11-26T12:01:23","guid":{"rendered":"https:\/\/captaincangrejo.com\/?page_id=844"},"modified":"2026-01-12T11:44:07","modified_gmt":"2026-01-12T10:44:07","slug":"accesibilidad","status":"publish","type":"page","link":"https:\/\/captaincangrejo.com\/en\/accesibilidad\/","title":{"rendered":"Accessibility"},"content":{"rendered":"<div data-elementor-type=\"wp-page\" data-elementor-id=\"844\" class=\"elementor elementor-844\" data-elementor-post-type=\"page\">\n\t\t\t\t<div class=\"elementor-element elementor-element-8216faf e-flex e-con-boxed e-con e-parent\" data-id=\"8216faf\" data-element_type=\"container\" data-e-type=\"container\" data-settings=\"{&quot;background_background&quot;:&quot;classic&quot;}\">\n\t\t\t\t\t<div class=\"e-con-inner\">\n\t\t\t\t<div class=\"elementor-element elementor-element-3d177ca elementor-widget elementor-widget-heading\" data-id=\"3d177ca\" data-element_type=\"widget\" data-e-type=\"widget\" data-widget_type=\"heading.default\">\n\t\t\t\t\t<h2 class=\"elementor-heading-title elementor-size-default\">Accessibility<\/h2>\t\t\t\t<\/div>\n\t\t\t\t<div class=\"elementor-element elementor-element-8538b07 elementor-widget elementor-widget-text-editor\" data-id=\"8538b07\" data-element_type=\"widget\" data-e-type=\"widget\" data-widget_type=\"text-editor.default\">\n\t\t\t\t\t\t\t\t\t<p>COMMITMENT TO ACCESSIBILITY<\/p>\t\t\t\t\t\t\t\t<\/div>\n\t\t\t\t<div class=\"elementor-element elementor-element-7627659 elementor-widget elementor-widget-text-editor\" data-id=\"7627659\" data-element_type=\"widget\" data-e-type=\"widget\" data-widget_type=\"text-editor.default\">\n\t\t\t\t\t\t\t\t\t<p><strong>Daniel Lee Goins <\/strong>has committed to making its website accessible, in accordance with Royal Decree 1112\/2018, of September 7, on the accessibility of websites and applications for mobile devices.<br \/>This accessibility statement applies to the website https:\/\/www.captaincangrejo.com\/<br \/>This website is fully compliant with RD 1112\/2018.<br \/>Because it meets the following requirements:<\/p><ul><li>The website is accessible to its users and, in particular, to older people and people with disabilities, so that the contents are perceptible, operable, understandable and robust taking into account the standards of Article 6.<\/li><li>Accessibility has been considered integrally in the process of designing, managing, maintaining and updating the content of the website.<\/li><li>The website has taken steps to increase accessibility beyond the minimum level of accessibility that must be met at any given time.<\/li><\/ul><div>\u00a0<\/div>\t\t\t\t\t\t\t\t<\/div>\n\t\t\t\t<div class=\"elementor-element elementor-element-bbebc29 elementor-widget elementor-widget-text-editor\" data-id=\"bbebc29\" data-element_type=\"widget\" data-e-type=\"widget\" data-widget_type=\"text-editor.default\">\n\t\t\t\t\t\t\t\t\t<p>NON-COMPLIANCE WITH ROYAL DECREE 1112\/2018<\/p>\t\t\t\t\t\t\t\t<\/div>\n\t\t\t\t<div class=\"elementor-element elementor-element-6288135 elementor-widget elementor-widget-text-editor\" data-id=\"6288135\" data-element_type=\"widget\" data-e-type=\"widget\" data-widget_type=\"text-editor.default\">\n\t\t\t\t\t\t\t\t\t<p>CAPTAIN CRAB is in compliance with RD 1112\/2018.<\/p>\t\t\t\t\t\t\t\t<\/div>\n\t\t\t\t<div class=\"elementor-element elementor-element-a4235af elementor-widget elementor-widget-text-editor\" data-id=\"a4235af\" data-element_type=\"widget\" data-e-type=\"widget\" data-widget_type=\"text-editor.default\">\n\t\t\t\t\t\t\t\t\t<p>DISPROPORTIONATE BURDEN<\/p>\t\t\t\t\t\t\t\t<\/div>\n\t\t\t\t<div class=\"elementor-element elementor-element-944882a elementor-widget elementor-widget-text-editor\" data-id=\"944882a\" data-element_type=\"widget\" data-e-type=\"widget\" data-widget_type=\"text-editor.default\">\n\t\t\t\t\t\t\t\t\t<p>There is no disproportionate burden.<br \/>In order to assess the extent to which compliance with the accessibility requirements set out in this royal decree imposes a disproportionate burden, we have taken into account the following circumstances:<\/p><p style=\"padding-left: 40px;\">a) The size, resources and nature of the specific obligated subject.<br \/>b) The estimated costs and benefits for it, in relation to the estimated benefits for people with disabilities and older people, taking into account the frequency and duration of use of the website or mobile application in particular.<\/p>\t\t\t\t\t\t\t\t<\/div>\n\t\t\t\t<div class=\"elementor-element elementor-element-3b998c1 elementor-widget elementor-widget-text-editor\" data-id=\"3b998c1\" data-element_type=\"widget\" data-e-type=\"widget\" data-widget_type=\"text-editor.default\">\n\t\t\t\t\t\t\t\t\t<p>THE CONTENT DOES NOT FALL WITHIN THE SCOPE OF APPLICABLE LEGISLATION<\/p>\t\t\t\t\t\t\t\t<\/div>\n\t\t\t\t<div class=\"elementor-element elementor-element-5b3ad9e elementor-widget elementor-widget-text-editor\" data-id=\"5b3ad9e\" data-element_type=\"widget\" data-e-type=\"widget\" data-widget_type=\"text-editor.default\">\n\t\t\t\t\t\t\t\t\t<p>n\/a<\/p>\t\t\t\t\t\t\t\t<\/div>\n\t\t\t\t<div class=\"elementor-element elementor-element-79909c3 elementor-widget elementor-widget-text-editor\" data-id=\"79909c3\" data-element_type=\"widget\" data-e-type=\"widget\" data-widget_type=\"text-editor.default\">\n\t\t\t\t\t\t\t\t\t<p>PREPARATION FOR THE NEXT ACCESSIBILITY STATEMENT<\/p>\t\t\t\t\t\t\t\t<\/div>\n\t\t\t\t<div class=\"elementor-element elementor-element-2d6bda1 elementor-widget elementor-widget-text-editor\" data-id=\"2d6bda1\" data-element_type=\"widget\" data-e-type=\"widget\" data-widget_type=\"text-editor.default\">\n\t\t\t\t\t\t\t\t\t<p>This statement was prepared on January 24, 2024.<br \/>The method used to prepare the declaration was a self-assessment carried out by the organization itself.<\/p>\t\t\t\t\t\t\t\t<\/div>\n\t\t\t\t<div class=\"elementor-element elementor-element-3bab36d elementor-widget elementor-widget-text-editor\" data-id=\"3bab36d\" data-element_type=\"widget\" data-e-type=\"widget\" data-widget_type=\"text-editor.default\">\n\t\t\t\t\t\t\t\t\t<p>OBSERVATIONS AND CONTACT INFORMATION<\/p>\t\t\t\t\t\t\t\t<\/div>\n\t\t\t\t<div class=\"elementor-element elementor-element-5ecb7e9 elementor-widget elementor-widget-text-editor\" data-id=\"5ecb7e9\" data-element_type=\"widget\" data-e-type=\"widget\" data-widget_type=\"text-editor.default\">\n\t\t\t\t\t\t\t\t\t<ul><li>You can submit communications regarding accessibility requirements (Article 10.2.a of Royal Decree 1112\/2018) such as: Reporting any possible non-compliance by this website, conveying other difficulties in accessing the content, making any other query or suggestion for improvement related to the accessibility of the website via email <strong><a href=\"mailto:hola@captaincangrejo.com\">hola@captaincangrejo.com<\/a><\/strong><\/li><li>You can submit: A complaint regarding compliance with the requirements of Royal Decree 1112\/2018 or a request for accessible information regarding:<br \/>Contents that are excluded from the scope of application of RD 1112\/2018 as established by article 3, section 4.<br \/>Content that is exempt from compliance with accessibility requirements because it imposes a disproportionate burden.<\/li><\/ul><div>\u00a0<\/div><p>In the Accessible Information Request, the facts, reasons and request that allow verification that it is a reasonable and legitimate request must be specified clearly.<\/p><p>Complaints and claims regarding accessible information should be made via email. <strong><a href=\"mailto:hola@captaincangrejo.com\">hola@captaincangrejo.com<\/a><\/strong> which will be received and processed by <strong>Daniel Lee Goins<\/strong>.<\/p>\t\t\t\t\t\t\t\t<\/div>\n\t\t\t\t\t<\/div>\n\t\t\t\t<\/div>\n\t\t\t\t<\/div>","protected":false},"excerpt":{"rendered":"<p>Accesibilidad COMPROMISO DE ACCESIBILIDAD Daniel Lee Goins se ha comprometido a hacer accesible su sitio web, de conformidad con el Real Decreto 1112\/2018, de 7 de septiembre, sobre accesibilidad de los sitios web y aplicaciones para dispositivos m\u00f3viles.La presente declaraci\u00f3n de accesibilidad se aplica al sitio web https:\/\/www.captaincangrejo.com\/Este sitio web es plenamente conforme con RD [&hellip;]<\/p>\n","protected":false},"author":2,"featured_media":0,"parent":0,"menu_order":0,"comment_status":"closed","ping_status":"closed","template":"","meta":{"footnotes":""},"class_list":["post-844","page","type-page","status-publish","hentry"],"yoast_head":"<!-- This site is optimized with the Yoast SEO plugin v27.4 - https:\/\/yoast.com\/product\/yoast-seo-wordpress\/ -->\n<title>Accesibilidad | Captain Cangrejo C\u00e1diz<\/title>\n<meta name=\"robots\" content=\"noindex, nofollow\" \/>\n<meta property=\"og:locale\" content=\"en_GB\" \/>\n<meta property=\"og:type\" content=\"article\" \/>\n<meta property=\"og:title\" content=\"Accesibilidad | Captain Cangrejo C\u00e1diz\" \/>\n<meta property=\"og:description\" content=\"Accesibilidad COMPROMISO DE ACCESIBILIDAD Daniel Lee Goins se ha comprometido a hacer accesible su sitio web, de conformidad con el Real Decreto 1112\/2018, de 7 de septiembre, sobre accesibilidad de los sitios web y aplicaciones para dispositivos m\u00f3viles.La presente declaraci\u00f3n de accesibilidad se aplica al sitio web https:\/\/www.captaincangrejo.com\/Este sitio web es plenamente conforme con RD [&hellip;]\" \/>\n<meta property=\"og:url\" content=\"https:\/\/captaincangrejo.com\/en\/accesibilidad\/\" \/>\n<meta property=\"og:site_name\" content=\"Captain Cangrejo C\u00e1diz\" \/>\n<meta property=\"article:publisher\" content=\"https:\/\/www.facebook.com\/captaincangrejo\" \/>\n<meta property=\"article:modified_time\" content=\"2026-01-12T10:44:07+00:00\" \/>\n<meta property=\"og:image\" content=\"https:\/\/captaincangrejo.com\/wp-content\/uploads\/2025\/11\/fiesta-amigos-en-barco.webp\" \/>\n\t<meta property=\"og:image:width\" content=\"1220\" \/>\n\t<meta property=\"og:image:height\" content=\"901\" \/>\n\t<meta property=\"og:image:type\" content=\"image\/webp\" \/>\n<meta name=\"twitter:card\" content=\"summary_large_image\" \/>\n<meta name=\"twitter:label1\" content=\"Estimated reading time\" \/>\n\t<meta name=\"twitter:data1\" content=\"3 minutes\" \/>\n<script type=\"application\/ld+json\" class=\"yoast-schema-graph\">{\"@context\":\"https:\\\/\\\/schema.org\",\"@graph\":[{\"@type\":\"WebPage\",\"@id\":\"https:\\\/\\\/captaincangrejo.com\\\/accesibilidad\\\/\",\"url\":\"https:\\\/\\\/captaincangrejo.com\\\/accesibilidad\\\/\",\"name\":\"Accesibilidad | Captain Cangrejo C\u00e1diz\",\"isPartOf\":{\"@id\":\"https:\\\/\\\/captaincangrejo.com\\\/#website\"},\"datePublished\":\"2025-11-26T12:01:23+00:00\",\"dateModified\":\"2026-01-12T10:44:07+00:00\",\"breadcrumb\":{\"@id\":\"https:\\\/\\\/captaincangrejo.com\\\/accesibilidad\\\/#breadcrumb\"},\"inLanguage\":\"en-GB\",\"potentialAction\":[{\"@type\":\"ReadAction\",\"target\":[\"https:\\\/\\\/captaincangrejo.com\\\/accesibilidad\\\/\"]}]},{\"@type\":\"BreadcrumbList\",\"@id\":\"https:\\\/\\\/captaincangrejo.com\\\/accesibilidad\\\/#breadcrumb\",\"itemListElement\":[{\"@type\":\"ListItem\",\"position\":1,\"name\":\"Portada\",\"item\":\"https:\\\/\\\/captaincangrejo.com\\\/\"},{\"@type\":\"ListItem\",\"position\":2,\"name\":\"Accesibilidad\"}]},{\"@type\":\"WebSite\",\"@id\":\"https:\\\/\\\/captaincangrejo.com\\\/#website\",\"url\":\"https:\\\/\\\/captaincangrejo.com\\\/\",\"name\":\"Captain Cangrejo\",\"description\":\"Paseos en barco por C\u00e1diz con Captain Cangrejo. Paseos en barco privados para grupos y parejas por la Bah\u00eda de C\u00e1diz.\",\"publisher\":{\"@id\":\"https:\\\/\\\/captaincangrejo.com\\\/#organization\"},\"alternateName\":\"Paseos en barco por C\u00e1diz con Captain Cangrejo\",\"potentialAction\":[{\"@type\":\"SearchAction\",\"target\":{\"@type\":\"EntryPoint\",\"urlTemplate\":\"https:\\\/\\\/captaincangrejo.com\\\/?s={search_term_string}\"},\"query-input\":{\"@type\":\"PropertyValueSpecification\",\"valueRequired\":true,\"valueName\":\"search_term_string\"}}],\"inLanguage\":\"en-GB\"},{\"@type\":\"Organization\",\"@id\":\"https:\\\/\\\/captaincangrejo.com\\\/#organization\",\"name\":\"Captain Cangrejo Paseos en barco\",\"alternateName\":\"Paseos en barco por C\u00e1diz con Captain Cangrejo\",\"url\":\"https:\\\/\\\/captaincangrejo.com\\\/\",\"logo\":{\"@type\":\"ImageObject\",\"inLanguage\":\"en-GB\",\"@id\":\"https:\\\/\\\/captaincangrejo.com\\\/#\\\/schema\\\/logo\\\/image\\\/\",\"url\":\"https:\\\/\\\/captaincangrejo.com\\\/wp-content\\\/uploads\\\/2025\\\/09\\\/cropped-favicon-1.png\",\"contentUrl\":\"https:\\\/\\\/captaincangrejo.com\\\/wp-content\\\/uploads\\\/2025\\\/09\\\/cropped-favicon-1.png\",\"width\":512,\"height\":512,\"caption\":\"Captain Cangrejo Paseos en barco\"},\"image\":{\"@id\":\"https:\\\/\\\/captaincangrejo.com\\\/#\\\/schema\\\/logo\\\/image\\\/\"},\"sameAs\":[\"https:\\\/\\\/www.facebook.com\\\/captaincangrejo\",\"https:\\\/\\\/www.instagram.com\\\/captaincangrejo\\\/\",\"https:\\\/\\\/www.tripadvisor.es\\\/Attraction_Review-g187432-d34115903-Reviews-Captain_Cangrejo-Cadiz_Costa_de_la_Luz_Andalucia.html\",\"https:\\\/\\\/hotels.cloudbeds.com\\\/es\\\/reservation\\\/36KKR7?currency=eur\"]}]}<\/script>\n<!-- \/ Yoast SEO plugin. -->","yoast_head_json":{"title":"Accesibilidad | Captain Cangrejo C\u00e1diz","robots":{"index":"noindex","follow":"nofollow"},"og_locale":"en_GB","og_type":"article","og_title":"Accesibilidad | Captain Cangrejo C\u00e1diz","og_description":"Accesibilidad COMPROMISO DE ACCESIBILIDAD Daniel Lee Goins se ha comprometido a hacer accesible su sitio web, de conformidad con el Real Decreto 1112\/2018, de 7 de septiembre, sobre accesibilidad de los sitios web y aplicaciones para dispositivos m\u00f3viles.La presente declaraci\u00f3n de accesibilidad se aplica al sitio web https:\/\/www.captaincangrejo.com\/Este sitio web es plenamente conforme con RD [&hellip;]","og_url":"https:\/\/captaincangrejo.com\/en\/accesibilidad\/","og_site_name":"Captain Cangrejo C\u00e1diz","article_publisher":"https:\/\/www.facebook.com\/captaincangrejo","article_modified_time":"2026-01-12T10:44:07+00:00","og_image":[{"width":1220,"height":901,"url":"https:\/\/captaincangrejo.com\/wp-content\/uploads\/2025\/11\/fiesta-amigos-en-barco.webp","type":"image\/webp"}],"twitter_card":"summary_large_image","twitter_misc":{"Estimated reading time":"3 minutes"},"schema":{"@context":"https:\/\/schema.org","@graph":[{"@type":"WebPage","@id":"https:\/\/captaincangrejo.com\/accesibilidad\/","url":"https:\/\/captaincangrejo.com\/accesibilidad\/","name":"Accesibilidad | Captain Cangrejo C\u00e1diz","isPartOf":{"@id":"https:\/\/captaincangrejo.com\/#website"},"datePublished":"2025-11-26T12:01:23+00:00","dateModified":"2026-01-12T10:44:07+00:00","breadcrumb":{"@id":"https:\/\/captaincangrejo.com\/accesibilidad\/#breadcrumb"},"inLanguage":"en-GB","potentialAction":[{"@type":"ReadAction","target":["https:\/\/captaincangrejo.com\/accesibilidad\/"]}]},{"@type":"BreadcrumbList","@id":"https:\/\/captaincangrejo.com\/accesibilidad\/#breadcrumb","itemListElement":[{"@type":"ListItem","position":1,"name":"Portada","item":"https:\/\/captaincangrejo.com\/"},{"@type":"ListItem","position":2,"name":"Accesibilidad"}]},{"@type":"WebSite","@id":"https:\/\/captaincangrejo.com\/#website","url":"https:\/\/captaincangrejo.com\/","name":"Captain Cangrejo","description":"Paseos en barco por C\u00e1diz con Captain Cangrejo. Paseos en barco privados para grupos y parejas por la Bah\u00eda de C\u00e1diz.","publisher":{"@id":"https:\/\/captaincangrejo.com\/#organization"},"alternateName":"Paseos en barco por C\u00e1diz con Captain Cangrejo","potentialAction":[{"@type":"SearchAction","target":{"@type":"EntryPoint","urlTemplate":"https:\/\/captaincangrejo.com\/?s={search_term_string}"},"query-input":{"@type":"PropertyValueSpecification","valueRequired":true,"valueName":"search_term_string"}}],"inLanguage":"en-GB"},{"@type":"Organization","@id":"https:\/\/captaincangrejo.com\/#organization","name":"Captain Cangrejo Paseos en barco","alternateName":"Paseos en barco por C\u00e1diz con Captain Cangrejo","url":"https:\/\/captaincangrejo.com\/","logo":{"@type":"ImageObject","inLanguage":"en-GB","@id":"https:\/\/captaincangrejo.com\/#\/schema\/logo\/image\/","url":"https:\/\/captaincangrejo.com\/wp-content\/uploads\/2025\/09\/cropped-favicon-1.png","contentUrl":"https:\/\/captaincangrejo.com\/wp-content\/uploads\/2025\/09\/cropped-favicon-1.png","width":512,"height":512,"caption":"Captain Cangrejo Paseos en barco"},"image":{"@id":"https:\/\/captaincangrejo.com\/#\/schema\/logo\/image\/"},"sameAs":["https:\/\/www.facebook.com\/captaincangrejo","https:\/\/www.instagram.com\/captaincangrejo\/","https:\/\/www.tripadvisor.es\/Attraction_Review-g187432-d34115903-Reviews-Captain_Cangrejo-Cadiz_Costa_de_la_Luz_Andalucia.html","https:\/\/hotels.cloudbeds.com\/es\/reservation\/36KKR7?currency=eur"]}]}},"_links":{"self":[{"href":"https:\/\/captaincangrejo.com\/en\/wp-json\/wp\/v2\/pages\/844","targetHints":{"allow":["GET"]}}],"collection":[{"href":"https:\/\/captaincangrejo.com\/en\/wp-json\/wp\/v2\/pages"}],"about":[{"href":"https:\/\/captaincangrejo.com\/en\/wp-json\/wp\/v2\/types\/page"}],"author":[{"embeddable":true,"href":"https:\/\/captaincangrejo.com\/en\/wp-json\/wp\/v2\/users\/2"}],"replies":[{"embeddable":true,"href":"https:\/\/captaincangrejo.com\/en\/wp-json\/wp\/v2\/comments?post=844"}],"version-history":[{"count":10,"href":"https:\/\/captaincangrejo.com\/en\/wp-json\/wp\/v2\/pages\/844\/revisions"}],"predecessor-version":[{"id":1379,"href":"https:\/\/captaincangrejo.com\/en\/wp-json\/wp\/v2\/pages\/844\/revisions\/1379"}],"wp:attachment":[{"href":"https:\/\/captaincangrejo.com\/en\/wp-json\/wp\/v2\/media?parent=844"}],"curies":[{"name":"wp","href":"https:\/\/api.w.org\/{rel}","templated":true}]}}