{"id":1542,"date":"2026-02-13T14:28:09","date_gmt":"2026-02-13T13:28:09","guid":{"rendered":"https:\/\/captaincangrejo.com\/?page_id=1542"},"modified":"2026-04-28T11:48:46","modified_gmt":"2026-04-28T09:48:46","slug":"galeria","status":"publish","type":"page","link":"https:\/\/captaincangrejo.com\/en\/galeria\/","title":{"rendered":"Gallery"},"content":{"rendered":"<div data-elementor-type=\"wp-page\" data-elementor-id=\"1542\" class=\"elementor elementor-1542\" data-elementor-post-type=\"page\">\n\t\t\t\t<div class=\"elementor-element elementor-element-3bf92f3 e-flex e-con-boxed e-con e-parent\" data-id=\"3bf92f3\" data-element_type=\"container\" data-e-type=\"container\" data-settings=\"{&quot;background_background&quot;:&quot;classic&quot;}\">\n\t\t\t\t\t<div class=\"e-con-inner\">\n\t\t\t\t<div class=\"elementor-element elementor-element-83eb08c elementor-widget__width-initial elementor-widget elementor-widget-image\" data-id=\"83eb08c\" data-element_type=\"widget\" data-e-type=\"widget\" data-widget_type=\"image.default\">\n\t\t\t\t\t\t\t\t\t\t\t\t\t\t\t<img fetchpriority=\"high\" decoding=\"async\" width=\"582\" height=\"440\" src=\"https:\/\/captaincangrejo.com\/wp-content\/uploads\/2026\/02\/img-galeria1.webp\" class=\"attachment-full size-full wp-image-1544\" alt=\"Grupo de amigos relaj\u00e1ndose y disfrutando durante un paseo en barco en C\u00e1diz bajo el sol\" srcset=\"https:\/\/captaincangrejo.com\/wp-content\/uploads\/2026\/02\/img-galeria1.webp 582w, https:\/\/captaincangrejo.com\/wp-content\/uploads\/2026\/02\/img-galeria1-300x227.webp 300w, https:\/\/captaincangrejo.com\/wp-content\/uploads\/2026\/02\/img-galeria1-16x12.webp 16w\" sizes=\"(max-width: 582px) 100vw, 582px\" \/>\t\t\t\t\t\t\t\t\t\t\t\t\t\t\t<\/div>\n\t\t<div class=\"elementor-element elementor-element-417161f e-con-full e-flex e-con e-child\" data-id=\"417161f\" data-element_type=\"container\" data-e-type=\"container\">\n\t\t\t\t<div class=\"elementor-element elementor-element-8ab6b35 elementor-widget-mobile__width-initial elementor-widget elementor-widget-heading\" data-id=\"8ab6b35\" data-element_type=\"widget\" data-e-type=\"widget\" data-widget_type=\"heading.default\">\n\t\t\t\t\t<h1 class=\"elementor-heading-title elementor-size-default\">Learn about the experience in detail.<\/h1>\t\t\t\t<\/div>\n\t\t\t\t<div class=\"elementor-element elementor-element-fcf1dab elementor-widget__width-initial elementor-widget elementor-widget-text-editor\" data-id=\"fcf1dab\" data-element_type=\"widget\" data-e-type=\"widget\" data-widget_type=\"text-editor.default\">\n\t\t\t\t\t\t\t\t\t<p>Private tours, maximum 10 people. Skipper included, cold drinks, music and fully personalized service.<\/p>\t\t\t\t\t\t\t\t<\/div>\n\t\t\t\t<\/div>\n\t\t\t\t\t<\/div>\n\t\t\t\t<\/div>\n\t\t<div class=\"elementor-element elementor-element-b097f93 e-flex e-con-boxed e-con e-parent\" data-id=\"b097f93\" data-element_type=\"container\" data-e-type=\"container\" data-settings=\"{&quot;background_background&quot;:&quot;classic&quot;}\">\n\t\t\t\t\t<div class=\"e-con-inner\">\n\t\t\t\t<div class=\"elementor-element elementor-element-0db3abe elementor-widget__width-initial elementor-widget elementor-widget-image\" data-id=\"0db3abe\" data-element_type=\"widget\" data-e-type=\"widget\" data-widget_type=\"image.default\">\n\t\t\t\t\t\t\t\t\t\t\t\t\t\t\t<img decoding=\"async\" width=\"1804\" height=\"1204\" src=\"https:\/\/captaincangrejo.com\/wp-content\/uploads\/2026\/02\/img-galeria2.webp\" class=\"attachment-full size-full wp-image-1549\" alt=\"Grupo de personas subiendo a un barco en el puerto de C\u00e1diz para comenzar un paseo en barco\" srcset=\"https:\/\/captaincangrejo.com\/wp-content\/uploads\/2026\/02\/img-galeria2.webp 1804w, https:\/\/captaincangrejo.com\/wp-content\/uploads\/2026\/02\/img-galeria2-300x200.webp 300w, https:\/\/captaincangrejo.com\/wp-content\/uploads\/2026\/02\/img-galeria2-1024x683.webp 1024w, https:\/\/captaincangrejo.com\/wp-content\/uploads\/2026\/02\/img-galeria2-768x513.webp 768w, https:\/\/captaincangrejo.com\/wp-content\/uploads\/2026\/02\/img-galeria2-1536x1025.webp 1536w, https:\/\/captaincangrejo.com\/wp-content\/uploads\/2026\/02\/img-galeria2-18x12.webp 18w, https:\/\/captaincangrejo.com\/wp-content\/uploads\/2026\/02\/img-galeria2-600x400.webp 600w\" sizes=\"(max-width: 1804px) 100vw, 1804px\" \/>\t\t\t\t\t\t\t\t\t\t\t\t\t\t\t<\/div>\n\t\t\t\t<div class=\"elementor-element elementor-element-8d02109 elementor-widget__width-initial elementor-widget elementor-widget-image\" data-id=\"8d02109\" data-element_type=\"widget\" data-e-type=\"widget\" data-widget_type=\"image.default\">\n\t\t\t\t\t\t\t\t\t\t\t\t\t\t\t<img decoding=\"async\" width=\"1804\" height=\"1206\" src=\"https:\/\/captaincangrejo.com\/wp-content\/uploads\/2026\/02\/img-galeria3.webp\" class=\"attachment-full size-full wp-image-1548\" alt=\"Capit\u00e1n al mando de un barco durante un paseo por el mar en C\u00e1diz en un d\u00eda despejado\" srcset=\"https:\/\/captaincangrejo.com\/wp-content\/uploads\/2026\/02\/img-galeria3.webp 1804w, https:\/\/captaincangrejo.com\/wp-content\/uploads\/2026\/02\/img-galeria3-300x201.webp 300w, https:\/\/captaincangrejo.com\/wp-content\/uploads\/2026\/02\/img-galeria3-1024x685.webp 1024w, https:\/\/captaincangrejo.com\/wp-content\/uploads\/2026\/02\/img-galeria3-768x513.webp 768w, https:\/\/captaincangrejo.com\/wp-content\/uploads\/2026\/02\/img-galeria3-1536x1027.webp 1536w, https:\/\/captaincangrejo.com\/wp-content\/uploads\/2026\/02\/img-galeria3-18x12.webp 18w, https:\/\/captaincangrejo.com\/wp-content\/uploads\/2026\/02\/img-galeria3-600x401.webp 600w\" sizes=\"(max-width: 1804px) 100vw, 1804px\" \/>\t\t\t\t\t\t\t\t\t\t\t\t\t\t\t<\/div>\n\t\t\t\t<div class=\"elementor-element elementor-element-cbb33be elementor-widget__width-initial elementor-widget elementor-widget-image\" data-id=\"cbb33be\" data-element_type=\"widget\" data-e-type=\"widget\" data-widget_type=\"image.default\">\n\t\t\t\t\t\t\t\t\t\t\t\t\t\t\t<img loading=\"lazy\" decoding=\"async\" width=\"1802\" height=\"1204\" src=\"https:\/\/captaincangrejo.com\/wp-content\/uploads\/2026\/02\/img-galeria4.webp\" class=\"attachment-full size-full wp-image-1547\" alt=\"Grupo de amigas relaj\u00e1ndose y tomando el sol en la cubierta de un barco durante un paseo en C\u00e1diz\" srcset=\"https:\/\/captaincangrejo.com\/wp-content\/uploads\/2026\/02\/img-galeria4.webp 1802w, https:\/\/captaincangrejo.com\/wp-content\/uploads\/2026\/02\/img-galeria4-300x200.webp 300w, https:\/\/captaincangrejo.com\/wp-content\/uploads\/2026\/02\/img-galeria4-1024x684.webp 1024w, https:\/\/captaincangrejo.com\/wp-content\/uploads\/2026\/02\/img-galeria4-768x513.webp 768w, https:\/\/captaincangrejo.com\/wp-content\/uploads\/2026\/02\/img-galeria4-1536x1026.webp 1536w, https:\/\/captaincangrejo.com\/wp-content\/uploads\/2026\/02\/img-galeria4-18x12.webp 18w, https:\/\/captaincangrejo.com\/wp-content\/uploads\/2026\/02\/img-galeria4-600x401.webp 600w\" sizes=\"(max-width: 1802px) 100vw, 1802px\" \/>\t\t\t\t\t\t\t\t\t\t\t\t\t\t\t<\/div>\n\t\t\t\t<div class=\"elementor-element elementor-element-153fc1b elementor-widget__width-initial elementor-widget elementor-widget-image\" data-id=\"153fc1b\" data-element_type=\"widget\" data-e-type=\"widget\" data-widget_type=\"image.default\">\n\t\t\t\t\t\t\t\t\t\t\t\t\t\t\t<img loading=\"lazy\" decoding=\"async\" width=\"1804\" height=\"1204\" src=\"https:\/\/captaincangrejo.com\/wp-content\/uploads\/2026\/02\/img-galeria6.webp\" class=\"attachment-full size-full wp-image-1550\" alt=\"Capit\u00e1n explicando y guiando a clientes durante un paseo en barco en C\u00e1diz bajo el sol\" srcset=\"https:\/\/captaincangrejo.com\/wp-content\/uploads\/2026\/02\/img-galeria6.webp 1804w, https:\/\/captaincangrejo.com\/wp-content\/uploads\/2026\/02\/img-galeria6-300x200.webp 300w, https:\/\/captaincangrejo.com\/wp-content\/uploads\/2026\/02\/img-galeria6-1024x683.webp 1024w, https:\/\/captaincangrejo.com\/wp-content\/uploads\/2026\/02\/img-galeria6-768x513.webp 768w, https:\/\/captaincangrejo.com\/wp-content\/uploads\/2026\/02\/img-galeria6-1536x1025.webp 1536w, https:\/\/captaincangrejo.com\/wp-content\/uploads\/2026\/02\/img-galeria6-18x12.webp 18w, https:\/\/captaincangrejo.com\/wp-content\/uploads\/2026\/02\/img-galeria6-600x400.webp 600w\" sizes=\"(max-width: 1804px) 100vw, 1804px\" \/>\t\t\t\t\t\t\t\t\t\t\t\t\t\t\t<\/div>\n\t\t\t\t\t<\/div>\n\t\t\t\t<\/div>\n\t\t\t\t<\/div>","protected":false},"excerpt":{"rendered":"<p>Discover the experience in detail. Private outings, maximum 10 people. Skipper included, cold drinks, music, and fully personalized service.<\/p>","protected":false},"author":2,"featured_media":0,"parent":0,"menu_order":0,"comment_status":"closed","ping_status":"closed","template":"","meta":{"footnotes":""},"class_list":["post-1542","page","type-page","status-publish","hentry"],"yoast_head":"<!-- This site is optimized with the Yoast SEO plugin v27.5 - https:\/\/yoast.com\/product\/yoast-seo-wordpress\/ -->\n<title>Galer\u00eda | Captain Cangrejo C\u00e1diz<\/title>\n<meta name=\"robots\" content=\"index, follow, max-snippet:-1, max-image-preview:large, max-video-preview:-1\" \/>\n<link rel=\"canonical\" href=\"https:\/\/captaincangrejo.com\/en\/galeria\/\" \/>\n<meta property=\"og:locale\" content=\"en_GB\" \/>\n<meta property=\"og:type\" content=\"article\" \/>\n<meta property=\"og:title\" content=\"Galer\u00eda | Captain Cangrejo C\u00e1diz\" \/>\n<meta property=\"og:description\" content=\"Conoce la experiencia al detalle Salidas privadas, m\u00e1ximo 10 personas. Patr\u00f3n incluido, bebida fr\u00eda, m\u00fasica y un trato totalmente personalizado.\" \/>\n<meta property=\"og:url\" content=\"https:\/\/captaincangrejo.com\/en\/galeria\/\" \/>\n<meta property=\"og:site_name\" content=\"Captain Cangrejo C\u00e1diz\" \/>\n<meta property=\"article:publisher\" content=\"https:\/\/www.facebook.com\/captaincangrejo\" \/>\n<meta property=\"article:modified_time\" content=\"2026-04-28T09:48:46+00:00\" \/>\n<meta property=\"og:image\" content=\"https:\/\/captaincangrejo.com\/wp-content\/uploads\/2026\/02\/img-galeria1.webp\" \/>\n\t<meta property=\"og:image:width\" content=\"582\" \/>\n\t<meta property=\"og:image:height\" content=\"440\" \/>\n\t<meta property=\"og:image:type\" content=\"image\/webp\" \/>\n<meta name=\"twitter:card\" content=\"summary_large_image\" \/>\n<meta name=\"twitter:label1\" content=\"Estimated reading time\" \/>\n\t<meta name=\"twitter:data1\" content=\"1 minute\" \/>\n<script type=\"application\/ld+json\" class=\"yoast-schema-graph\">{\"@context\":\"https:\\\/\\\/schema.org\",\"@graph\":[{\"@type\":\"WebPage\",\"@id\":\"https:\\\/\\\/captaincangrejo.com\\\/galeria\\\/\",\"url\":\"https:\\\/\\\/captaincangrejo.com\\\/galeria\\\/\",\"name\":\"Galer\u00eda | Captain Cangrejo C\u00e1diz\",\"isPartOf\":{\"@id\":\"https:\\\/\\\/captaincangrejo.com\\\/#website\"},\"primaryImageOfPage\":{\"@id\":\"https:\\\/\\\/captaincangrejo.com\\\/galeria\\\/#primaryimage\"},\"image\":{\"@id\":\"https:\\\/\\\/captaincangrejo.com\\\/galeria\\\/#primaryimage\"},\"thumbnailUrl\":\"https:\\\/\\\/captaincangrejo.com\\\/wp-content\\\/uploads\\\/2026\\\/02\\\/img-galeria1.webp\",\"datePublished\":\"2026-02-13T13:28:09+00:00\",\"dateModified\":\"2026-04-28T09:48:46+00:00\",\"breadcrumb\":{\"@id\":\"https:\\\/\\\/captaincangrejo.com\\\/galeria\\\/#breadcrumb\"},\"inLanguage\":\"en-GB\",\"potentialAction\":[{\"@type\":\"ReadAction\",\"target\":[\"https:\\\/\\\/captaincangrejo.com\\\/galeria\\\/\"]}]},{\"@type\":\"ImageObject\",\"inLanguage\":\"en-GB\",\"@id\":\"https:\\\/\\\/captaincangrejo.com\\\/galeria\\\/#primaryimage\",\"url\":\"https:\\\/\\\/captaincangrejo.com\\\/wp-content\\\/uploads\\\/2026\\\/02\\\/img-galeria1.webp\",\"contentUrl\":\"https:\\\/\\\/captaincangrejo.com\\\/wp-content\\\/uploads\\\/2026\\\/02\\\/img-galeria1.webp\"},{\"@type\":\"BreadcrumbList\",\"@id\":\"https:\\\/\\\/captaincangrejo.com\\\/galeria\\\/#breadcrumb\",\"itemListElement\":[{\"@type\":\"ListItem\",\"position\":1,\"name\":\"Portada\",\"item\":\"https:\\\/\\\/captaincangrejo.com\\\/\"},{\"@type\":\"ListItem\",\"position\":2,\"name\":\"Galer\u00eda\"}]},{\"@type\":\"WebSite\",\"@id\":\"https:\\\/\\\/captaincangrejo.com\\\/#website\",\"url\":\"https:\\\/\\\/captaincangrejo.com\\\/\",\"name\":\"Captain Cangrejo\",\"description\":\"Paseos en barco por C\u00e1diz con Captain Cangrejo. Paseos en barco privados para grupos y parejas por la Bah\u00eda de C\u00e1diz.\",\"publisher\":{\"@id\":\"https:\\\/\\\/captaincangrejo.com\\\/#organization\"},\"alternateName\":\"Paseos en barco por C\u00e1diz con Captain Cangrejo\",\"potentialAction\":[{\"@type\":\"SearchAction\",\"target\":{\"@type\":\"EntryPoint\",\"urlTemplate\":\"https:\\\/\\\/captaincangrejo.com\\\/?s={search_term_string}\"},\"query-input\":{\"@type\":\"PropertyValueSpecification\",\"valueRequired\":true,\"valueName\":\"search_term_string\"}}],\"inLanguage\":\"en-GB\"},{\"@type\":\"Organization\",\"@id\":\"https:\\\/\\\/captaincangrejo.com\\\/#organization\",\"name\":\"Captain Cangrejo Paseos en barco\",\"alternateName\":\"Paseos en barco por C\u00e1diz con Captain Cangrejo\",\"url\":\"https:\\\/\\\/captaincangrejo.com\\\/\",\"logo\":{\"@type\":\"ImageObject\",\"inLanguage\":\"en-GB\",\"@id\":\"https:\\\/\\\/captaincangrejo.com\\\/#\\\/schema\\\/logo\\\/image\\\/\",\"url\":\"https:\\\/\\\/captaincangrejo.com\\\/wp-content\\\/uploads\\\/2025\\\/09\\\/cropped-favicon-1.png\",\"contentUrl\":\"https:\\\/\\\/captaincangrejo.com\\\/wp-content\\\/uploads\\\/2025\\\/09\\\/cropped-favicon-1.png\",\"width\":512,\"height\":512,\"caption\":\"Captain Cangrejo Paseos en barco\"},\"image\":{\"@id\":\"https:\\\/\\\/captaincangrejo.com\\\/#\\\/schema\\\/logo\\\/image\\\/\"},\"sameAs\":[\"https:\\\/\\\/www.facebook.com\\\/captaincangrejo\",\"https:\\\/\\\/www.instagram.com\\\/captaincangrejo\\\/\",\"https:\\\/\\\/www.tripadvisor.es\\\/Attraction_Review-g187432-d34115903-Reviews-Captain_Cangrejo-Cadiz_Costa_de_la_Luz_Andalucia.html\",\"https:\\\/\\\/hotels.cloudbeds.com\\\/es\\\/reservation\\\/36KKR7?currency=eur\"]}]}<\/script>\n<!-- \/ Yoast SEO plugin. -->","yoast_head_json":{"title":"Galer\u00eda | Captain Cangrejo C\u00e1diz","robots":{"index":"index","follow":"follow","max-snippet":"max-snippet:-1","max-image-preview":"max-image-preview:large","max-video-preview":"max-video-preview:-1"},"canonical":"https:\/\/captaincangrejo.com\/en\/galeria\/","og_locale":"en_GB","og_type":"article","og_title":"Galer\u00eda | Captain Cangrejo C\u00e1diz","og_description":"Conoce la experiencia al detalle Salidas privadas, m\u00e1ximo 10 personas. Patr\u00f3n incluido, bebida fr\u00eda, m\u00fasica y un trato totalmente personalizado.","og_url":"https:\/\/captaincangrejo.com\/en\/galeria\/","og_site_name":"Captain Cangrejo C\u00e1diz","article_publisher":"https:\/\/www.facebook.com\/captaincangrejo","article_modified_time":"2026-04-28T09:48:46+00:00","og_image":[{"width":582,"height":440,"url":"https:\/\/captaincangrejo.com\/wp-content\/uploads\/2026\/02\/img-galeria1.webp","type":"image\/webp"}],"twitter_card":"summary_large_image","twitter_misc":{"Estimated reading time":"1 minute"},"schema":{"@context":"https:\/\/schema.org","@graph":[{"@type":"WebPage","@id":"https:\/\/captaincangrejo.com\/galeria\/","url":"https:\/\/captaincangrejo.com\/galeria\/","name":"Galer\u00eda | Captain Cangrejo C\u00e1diz","isPartOf":{"@id":"https:\/\/captaincangrejo.com\/#website"},"primaryImageOfPage":{"@id":"https:\/\/captaincangrejo.com\/galeria\/#primaryimage"},"image":{"@id":"https:\/\/captaincangrejo.com\/galeria\/#primaryimage"},"thumbnailUrl":"https:\/\/captaincangrejo.com\/wp-content\/uploads\/2026\/02\/img-galeria1.webp","datePublished":"2026-02-13T13:28:09+00:00","dateModified":"2026-04-28T09:48:46+00:00","breadcrumb":{"@id":"https:\/\/captaincangrejo.com\/galeria\/#breadcrumb"},"inLanguage":"en-GB","potentialAction":[{"@type":"ReadAction","target":["https:\/\/captaincangrejo.com\/galeria\/"]}]},{"@type":"ImageObject","inLanguage":"en-GB","@id":"https:\/\/captaincangrejo.com\/galeria\/#primaryimage","url":"https:\/\/captaincangrejo.com\/wp-content\/uploads\/2026\/02\/img-galeria1.webp","contentUrl":"https:\/\/captaincangrejo.com\/wp-content\/uploads\/2026\/02\/img-galeria1.webp"},{"@type":"BreadcrumbList","@id":"https:\/\/captaincangrejo.com\/galeria\/#breadcrumb","itemListElement":[{"@type":"ListItem","position":1,"name":"Portada","item":"https:\/\/captaincangrejo.com\/"},{"@type":"ListItem","position":2,"name":"Galer\u00eda"}]},{"@type":"WebSite","@id":"https:\/\/captaincangrejo.com\/#website","url":"https:\/\/captaincangrejo.com\/","name":"Captain Cangrejo","description":"Paseos en barco por C\u00e1diz con Captain Cangrejo. Paseos en barco privados para grupos y parejas por la Bah\u00eda de C\u00e1diz.","publisher":{"@id":"https:\/\/captaincangrejo.com\/#organization"},"alternateName":"Paseos en barco por C\u00e1diz con Captain Cangrejo","potentialAction":[{"@type":"SearchAction","target":{"@type":"EntryPoint","urlTemplate":"https:\/\/captaincangrejo.com\/?s={search_term_string}"},"query-input":{"@type":"PropertyValueSpecification","valueRequired":true,"valueName":"search_term_string"}}],"inLanguage":"en-GB"},{"@type":"Organization","@id":"https:\/\/captaincangrejo.com\/#organization","name":"Captain Cangrejo Paseos en barco","alternateName":"Paseos en barco por C\u00e1diz con Captain Cangrejo","url":"https:\/\/captaincangrejo.com\/","logo":{"@type":"ImageObject","inLanguage":"en-GB","@id":"https:\/\/captaincangrejo.com\/#\/schema\/logo\/image\/","url":"https:\/\/captaincangrejo.com\/wp-content\/uploads\/2025\/09\/cropped-favicon-1.png","contentUrl":"https:\/\/captaincangrejo.com\/wp-content\/uploads\/2025\/09\/cropped-favicon-1.png","width":512,"height":512,"caption":"Captain Cangrejo Paseos en barco"},"image":{"@id":"https:\/\/captaincangrejo.com\/#\/schema\/logo\/image\/"},"sameAs":["https:\/\/www.facebook.com\/captaincangrejo","https:\/\/www.instagram.com\/captaincangrejo\/","https:\/\/www.tripadvisor.es\/Attraction_Review-g187432-d34115903-Reviews-Captain_Cangrejo-Cadiz_Costa_de_la_Luz_Andalucia.html","https:\/\/hotels.cloudbeds.com\/es\/reservation\/36KKR7?currency=eur"]}]}},"_links":{"self":[{"href":"https:\/\/captaincangrejo.com\/en\/wp-json\/wp\/v2\/pages\/1542","targetHints":{"allow":["GET"]}}],"collection":[{"href":"https:\/\/captaincangrejo.com\/en\/wp-json\/wp\/v2\/pages"}],"about":[{"href":"https:\/\/captaincangrejo.com\/en\/wp-json\/wp\/v2\/types\/page"}],"author":[{"embeddable":true,"href":"https:\/\/captaincangrejo.com\/en\/wp-json\/wp\/v2\/users\/2"}],"replies":[{"embeddable":true,"href":"https:\/\/captaincangrejo.com\/en\/wp-json\/wp\/v2\/comments?post=1542"}],"version-history":[{"count":3,"href":"https:\/\/captaincangrejo.com\/en\/wp-json\/wp\/v2\/pages\/1542\/revisions"}],"predecessor-version":[{"id":1724,"href":"https:\/\/captaincangrejo.com\/en\/wp-json\/wp\/v2\/pages\/1542\/revisions\/1724"}],"wp:attachment":[{"href":"https:\/\/captaincangrejo.com\/en\/wp-json\/wp\/v2\/media?parent=1542"}],"curies":[{"name":"wp","href":"https:\/\/api.w.org\/{rel}","templated":true}]}}